{"id":45,"date":"2025-06-10T10:50:14","date_gmt":"2025-06-10T08:50:14","guid":{"rendered":"https:\/\/hs4c.23.gremmi.fr\/?page_id=45"},"modified":"2025-06-13T11:09:32","modified_gmt":"2025-06-13T09:09:32","slug":"donate","status":"publish","type":"page","link":"https:\/\/hs4c.23.gremmi.fr\/index.php\/donate\/","title":{"rendered":"Donate"},"content":{"rendered":"\t\t<div data-elementor-type=\"wp-page\" data-elementor-id=\"45\" class=\"elementor elementor-45\" data-elementor-post-type=\"page\">\n\t\t\t\t<div class=\"elementor-element elementor-element-5b86f14 e-con-full e-flex e-con e-parent\" data-id=\"5b86f14\" data-element_type=\"container\">\n\t\t<div class=\"elementor-element elementor-element-2c92c84 e-con-full e-flex e-con e-child\" data-id=\"2c92c84\" data-element_type=\"container\">\n\t\t<div class=\"elementor-element elementor-element-72d9201 e-con-full e-grid e-con e-child\" data-id=\"72d9201\" data-element_type=\"container\">\n\t\t<div class=\"elementor-element elementor-element-c797bb4 e-con-full e-flex e-con e-child\" data-id=\"c797bb4\" data-element_type=\"container\">\n\t\t\t\t<div class=\"elementor-element elementor-element-181ea7e elementor-hidden-desktop elementor-widget elementor-widget-spacer\" data-id=\"181ea7e\" data-element_type=\"widget\" data-widget_type=\"spacer.default\">\n\t\t\t\t<div class=\"elementor-widget-container\">\n\t\t\t\t\t\t\t<div class=\"elementor-spacer\">\n\t\t\t<div class=\"elementor-spacer-inner\"><\/div>\n\t\t<\/div>\n\t\t\t\t\t\t<\/div>\n\t\t\t\t<\/div>\n\t\t\t\t<div class=\"elementor-element elementor-element-6650ad0 elementor-widget elementor-widget-heading\" data-id=\"6650ad0\" data-element_type=\"widget\" data-widget_type=\"heading.default\">\n\t\t\t\t<div class=\"elementor-widget-container\">\n\t\t\t\t\t<h2 class=\"elementor-heading-title elementor-size-default\">Support Us<\/h2>\t\t\t\t<\/div>\n\t\t\t\t<\/div>\n\t\t\t\t<div class=\"elementor-element elementor-element-5906e9f elementor-widget elementor-widget-text-editor\" data-id=\"5906e9f\" data-element_type=\"widget\" data-widget_type=\"text-editor.default\">\n\t\t\t\t<div class=\"elementor-widget-container\">\n\t\t\t\t\t\t\t\t\t<p>As a non governmental organisation we are relying on donations.\u00a0Help us make skateboarding accessible worldwide.\u00a0Any amount is a help for our mission.\u00a0You can make a single donation or make it a monthly habit \u2013 your choice!<\/p>\t\t\t\t\t\t\t\t<\/div>\n\t\t\t\t<\/div>\n\t\t\t\t<div class=\"elementor-element elementor-element-661034c elementor-widget elementor-widget-text-editor\" data-id=\"661034c\" data-element_type=\"widget\" data-widget_type=\"text-editor.default\">\n\t\t\t\t<div class=\"elementor-widget-container\">\n\t\t\t\t\t\t\t\t\t<p>100% of your donation goes directly\u00a0to the execution of our projects.<\/p>\t\t\t\t\t\t\t\t<\/div>\n\t\t\t\t<\/div>\n\t\t\t\t<\/div>\n\t\t<div class=\"elementor-element elementor-element-9d0dc54 e-con-full e-flex e-con e-child\" data-id=\"9d0dc54\" data-element_type=\"container\">\n\t\t\t\t<div class=\"elementor-element elementor-element-822ea28 elementor-widget elementor-widget-image\" data-id=\"822ea28\" data-element_type=\"widget\" data-widget_type=\"image.default\">\n\t\t\t\t<div class=\"elementor-widget-container\">\n\t\t\t\t\t\t\t\t\t\t\t\t\t\t\t<img fetchpriority=\"high\" decoding=\"async\" width=\"569\" height=\"438\" src=\"https:\/\/hs4c.23.gremmi.fr\/wp-content\/uploads\/2025\/06\/illustration-donate-2.png\" class=\"attachment-large size-large wp-image-150\" alt=\"\" srcset=\"https:\/\/hs4c.23.gremmi.fr\/wp-content\/uploads\/2025\/06\/illustration-donate-2.png 569w, https:\/\/hs4c.23.gremmi.fr\/wp-content\/uploads\/2025\/06\/illustration-donate-2-300x231.png 300w\" sizes=\"(max-width: 569px) 100vw, 569px\" \/>\t\t\t\t\t\t\t\t\t\t\t\t\t\t\t<\/div>\n\t\t\t\t<\/div>\n\t\t\t\t<\/div>\n\t\t\t\t<\/div>\n\t\t\t\t<div class=\"elementor-element elementor-element-af30da6 elementor-widget elementor-widget-spacer\" data-id=\"af30da6\" data-element_type=\"widget\" data-widget_type=\"spacer.default\">\n\t\t\t\t<div class=\"elementor-widget-container\">\n\t\t\t\t\t\t\t<div class=\"elementor-spacer\">\n\t\t\t<div class=\"elementor-spacer-inner\"><\/div>\n\t\t<\/div>\n\t\t\t\t\t\t<\/div>\n\t\t\t\t<\/div>\n\t\t\t\t<\/div>\n\t\t<div class=\"elementor-element elementor-element-dded677 e-con-full e-flex e-con e-child\" data-id=\"dded677\" data-element_type=\"container\" data-settings=\"{&quot;background_background&quot;:&quot;classic&quot;}\">\n\t\t<div class=\"elementor-element elementor-element-b4fdb43 e-con-full e-grid e-con e-child\" data-id=\"b4fdb43\" data-element_type=\"container\">\n\t\t<div class=\"elementor-element elementor-element-9b1e483 e-con-full e-flex e-con e-child\" data-id=\"9b1e483\" data-element_type=\"container\">\n\t\t\t\t<div class=\"elementor-element elementor-element-8d2db4a elementor-widget elementor-widget-image\" data-id=\"8d2db4a\" data-element_type=\"widget\" data-widget_type=\"image.default\">\n\t\t\t\t<div class=\"elementor-widget-container\">\n\t\t\t\t\t\t\t\t\t\t\t\t\t\t\t<img decoding=\"async\" width=\"522\" height=\"789\" src=\"https:\/\/hs4c.23.gremmi.fr\/wp-content\/uploads\/2025\/06\/image-10.png\" class=\"attachment-large size-large wp-image-393\" alt=\"\" srcset=\"https:\/\/hs4c.23.gremmi.fr\/wp-content\/uploads\/2025\/06\/image-10.png 522w, https:\/\/hs4c.23.gremmi.fr\/wp-content\/uploads\/2025\/06\/image-10-198x300.png 198w\" sizes=\"(max-width: 522px) 100vw, 522px\" \/>\t\t\t\t\t\t\t\t\t\t\t\t\t\t\t<\/div>\n\t\t\t\t<\/div>\n\t\t\t\t<\/div>\n\t\t<div class=\"elementor-element elementor-element-1c38493 e-con-full e-flex e-con e-child\" data-id=\"1c38493\" data-element_type=\"container\">\n\t\t\t\t<div class=\"elementor-element elementor-element-971b671 elementor-widget elementor-widget-heading\" data-id=\"971b671\" data-element_type=\"widget\" data-widget_type=\"heading.default\">\n\t\t\t\t<div class=\"elementor-widget-container\">\n\t\t\t\t\t<h2 class=\"elementor-heading-title elementor-size-default\">My Donation<\/h2>\t\t\t\t<\/div>\n\t\t\t\t<\/div>\n\t\t\t\t<div class=\"elementor-element elementor-element-9e3d444 elementor-widget elementor-widget-wpforms\" data-id=\"9e3d444\" data-element_type=\"widget\" data-widget_type=\"wpforms.default\">\n\t\t\t\t<div class=\"elementor-widget-container\">\n\t\t\t\t\t<style id=\"wpforms-css-vars-elementor-widget-9e3d444\">\n\t\t\t\t.elementor-widget-wpforms.elementor-element-9e3d444 {\n\t\t\t\t--wpforms-field-border-radius: 38px;\n--wpforms-field-background-color: #F7F6EF;\n--wpforms-field-border-color: #F7F6EF;\n--wpforms-field-border-color-spare: #F7F6EF;\n--wpforms-field-text-color: #17271A;\n--wpforms-label-color: #F7F6EF;\n--wpforms-label-sublabel-color: #F7F6EF;\n--wpforms-label-error-color: #ff0000;\n--wpforms-button-border-style: solid;\n--wpforms-button-border-radius: 30px;\n--wpforms-button-background-color: #17271A;\n--wpforms-button-border-color: #FD384E;\n--wpforms-button-text-color: #FD384E;\n--wpforms-page-break-color: #dddddd;\n\n\t\t\t}\n\t\t\t<\/style><div class=\"wpforms-container wpforms-container-full wpforms-render-modern\" id=\"wpforms-610\"><form id=\"wpforms-form-610\" class=\"wpforms-validate wpforms-form wpforms-ajax-form\" data-formid=\"610\" method=\"post\" enctype=\"multipart\/form-data\" action=\"\/index.php\/wp-json\/wp\/v2\/pages\/45\" data-token=\"909a696ff16cc396149015b76455624a\" data-token-time=\"1778237632\"><noscript class=\"wpforms-error-noscript\">Veuillez activer JavaScript dans votre navigateur pour remplir ce formulaire.<\/noscript><div class=\"wpforms-hidden\" id=\"wpforms-error-noscript\">Veuillez activer JavaScript dans votre navigateur pour remplir ce formulaire.<\/div><div class=\"wpforms-field-container\"><div id=\"wpforms-610-field_2-container\" class=\"wpforms-field wpforms-field-email\" data-field-id=\"2\"><label class=\"wpforms-field-label\" for=\"wpforms-610-field_2\">Your Email <span class=\"wpforms-required-label\" aria-hidden=\"true\">*<\/span><\/label><input type=\"email\" id=\"wpforms-610-field_2\" class=\"wpforms-field-medium wpforms-field-required\" name=\"wpforms[fields][2]\" spellcheck=\"false\" aria-errormessage=\"wpforms-610-field_2-error\" required><\/div><div id=\"wpforms-610-field_11-container\" class=\"wpforms-field wpforms-field-payment-single\" data-field-id=\"11\"><label class=\"wpforms-field-label\" for=\"wpforms-610-field_11\">Donation <span class=\"wpforms-required-label\" aria-hidden=\"true\">*<\/span><\/label><input type=\"text\" id=\"wpforms-610-field_11\" class=\"wpforms-field-medium wpforms-field-required wpforms-payment-user-input wpforms-payment-price\" data-rule-currency=\"[&quot;$&quot;,false]\" data-rule-required-minimum-price=\"0.00\" data-rule-required-positive-number=\"1\" name=\"wpforms[fields][11]\" value=\"&#036;4.00\" aria-errormessage=\"wpforms-610-field_11-error\" aria-describedby=\"wpforms-610-field_11-description\"><div id=\"wpforms-610-field_11-description\" class=\"wpforms-field-description\">$4 each<\/div><\/div><div id=\"wpforms-610-field_10-container\" class=\"wpforms-field wpforms-field-stripe-credit-card\" data-field-id=\"10\"><label class=\"wpforms-field-label\">Stripe Credit Card <span class=\"wpforms-required-label\" aria-hidden=\"true\">*<\/span><\/label><div class=\"wpforms-cc-warning wpforms-error-alert\">Le champ Carte bancaire est d\u00e9sactiv\u00e9, les cl\u00e9s Stripe sont manquantes.<\/div><\/div><\/div><!-- .wpforms-field-container --><div class=\"wpforms-submit-container\" ><input type=\"hidden\" name=\"wpforms[id]\" value=\"610\"><input type=\"hidden\" name=\"page_title\" value=\"\"><input type=\"hidden\" name=\"page_url\" value=\"https:\/\/hs4c.23.gremmi.fr\/index.php\/wp-json\/wp\/v2\/pages\/45\"><input type=\"hidden\" name=\"url_referer\" value=\"\"><button type=\"submit\" name=\"wpforms[submit]\" id=\"wpforms-submit-610\" class=\"wpforms-submit\" data-alt-text=\"Sending...\" data-submit-text=\"Submit\" aria-live=\"assertive\" value=\"wpforms-submit\">Submit<\/button><img decoding=\"async\" src=\"https:\/\/hs4c.23.gremmi.fr\/wp-content\/plugins\/wpforms-lite\/assets\/images\/submit-spin.svg\" class=\"wpforms-submit-spinner\" style=\"display: none;\" width=\"26\" height=\"26\" alt=\"Chargement en cours\"><\/div><\/form><\/div>  <!-- .wpforms-container -->\t\t\t\t<\/div>\n\t\t\t\t<\/div>\n\t\t\t\t<\/div>\n\t\t\t\t<\/div>\n\t\t\t\t<\/div>\n\t\t\t\t<div class=\"elementor-element elementor-element-e7b5fb6 elementor-widget elementor-widget-image\" data-id=\"e7b5fb6\" data-element_type=\"widget\" data-widget_type=\"image.default\">\n\t\t\t\t<div class=\"elementor-widget-container\">\n\t\t\t\t\t\t\t\t\t\t\t\t\t\t\t<img loading=\"lazy\" decoding=\"async\" width=\"526\" height=\"389\" src=\"https:\/\/hs4c.23.gremmi.fr\/wp-content\/uploads\/2025\/06\/illustration-donate.png\" class=\"attachment-large size-large wp-image-64\" alt=\"\" srcset=\"https:\/\/hs4c.23.gremmi.fr\/wp-content\/uploads\/2025\/06\/illustration-donate.png 526w, https:\/\/hs4c.23.gremmi.fr\/wp-content\/uploads\/2025\/06\/illustration-donate-300x222.png 300w\" sizes=\"(max-width: 526px) 100vw, 526px\" \/>\t\t\t\t\t\t\t\t\t\t\t\t\t\t\t<\/div>\n\t\t\t\t<\/div>\n\t\t\t\t<\/div>\n\t\t\t\t<\/div>\n\t\t","protected":false},"excerpt":{"rendered":"<p>Support Us As a non governmental organisation we are relying on donations.\u00a0Help us make skateboarding accessible worldwide.\u00a0Any amount is a help for our mission.\u00a0You can make a single donation or make it a monthly habit \u2013 your choice! 100% of your donation goes directly\u00a0to the execution of our projects. My Donation Please enable JavaScript in [&hellip;]<\/p>\n","protected":false},"author":1,"featured_media":0,"parent":0,"menu_order":0,"comment_status":"closed","ping_status":"closed","template":"","meta":{"_acf_changed":false,"footnotes":""},"class_list":["post-45","page","type-page","status-publish","hentry"],"acf":[],"_links":{"self":[{"href":"https:\/\/hs4c.23.gremmi.fr\/index.php\/wp-json\/wp\/v2\/pages\/45","targetHints":{"allow":["GET"]}}],"collection":[{"href":"https:\/\/hs4c.23.gremmi.fr\/index.php\/wp-json\/wp\/v2\/pages"}],"about":[{"href":"https:\/\/hs4c.23.gremmi.fr\/index.php\/wp-json\/wp\/v2\/types\/page"}],"author":[{"embeddable":true,"href":"https:\/\/hs4c.23.gremmi.fr\/index.php\/wp-json\/wp\/v2\/users\/1"}],"replies":[{"embeddable":true,"href":"https:\/\/hs4c.23.gremmi.fr\/index.php\/wp-json\/wp\/v2\/comments?post=45"}],"version-history":[{"count":49,"href":"https:\/\/hs4c.23.gremmi.fr\/index.php\/wp-json\/wp\/v2\/pages\/45\/revisions"}],"predecessor-version":[{"id":861,"href":"https:\/\/hs4c.23.gremmi.fr\/index.php\/wp-json\/wp\/v2\/pages\/45\/revisions\/861"}],"wp:attachment":[{"href":"https:\/\/hs4c.23.gremmi.fr\/index.php\/wp-json\/wp\/v2\/media?parent=45"}],"curies":[{"name":"wp","href":"https:\/\/api.w.org\/{rel}","templated":true}]}}